{"id":2639,"date":"2025-01-27T15:24:34","date_gmt":"2025-01-27T15:24:34","guid":{"rendered":"https:\/\/www.avrupaubkfatih.com\/?page_id=2639"},"modified":"2025-01-27T15:33:47","modified_gmt":"2025-01-27T15:33:47","slug":"blog","status":"publish","type":"page","link":"https:\/\/www.avrupaubkfatih.com\/en\/blog\/","title":{"rendered":"Blog"},"content":{"rendered":"\t\t<div data-elementor-type=\"wp-page\" data-elementor-id=\"2639\" class=\"elementor elementor-2639\" data-elementor-post-type=\"page\">\n\t\t\t\t\t\t<section class=\"elementor-section elementor-top-section elementor-element elementor-element-443a1d7 elementor-section-height-min-height elementor-section-content-middle elementor-section-boxed elementor-section-height-default elementor-section-items-middle\" data-id=\"443a1d7\" data-element_type=\"section\" data-e-type=\"section\" data-settings=\"{&quot;jet_parallax_layout_list&quot;:[{&quot;jet_parallax_layout_image&quot;:{&quot;url&quot;:&quot;&quot;,&quot;id&quot;:&quot;&quot;,&quot;size&quot;:&quot;&quot;},&quot;_id&quot;:&quot;a7ab694&quot;,&quot;jet_parallax_layout_image_tablet&quot;:{&quot;url&quot;:&quot;&quot;,&quot;id&quot;:&quot;&quot;,&quot;size&quot;:&quot;&quot;},&quot;jet_parallax_layout_image_mobile&quot;:{&quot;url&quot;:&quot;&quot;,&quot;id&quot;:&quot;&quot;,&quot;size&quot;:&quot;&quot;},&quot;jet_parallax_layout_speed&quot;:{&quot;unit&quot;:&quot;%&quot;,&quot;size&quot;:50,&quot;sizes&quot;:[]},&quot;jet_parallax_layout_type&quot;:&quot;scroll&quot;,&quot;jet_parallax_layout_direction&quot;:&quot;1&quot;,&quot;jet_parallax_layout_fx_direction&quot;:null,&quot;jet_parallax_layout_z_index&quot;:&quot;&quot;,&quot;jet_parallax_layout_bg_x&quot;:50,&quot;jet_parallax_layout_bg_x_tablet&quot;:&quot;&quot;,&quot;jet_parallax_layout_bg_x_mobile&quot;:&quot;&quot;,&quot;jet_parallax_layout_bg_y&quot;:50,&quot;jet_parallax_layout_bg_y_tablet&quot;:&quot;&quot;,&quot;jet_parallax_layout_bg_y_mobile&quot;:&quot;&quot;,&quot;jet_parallax_layout_bg_size&quot;:&quot;auto&quot;,&quot;jet_parallax_layout_bg_size_tablet&quot;:&quot;&quot;,&quot;jet_parallax_layout_bg_size_mobile&quot;:&quot;&quot;,&quot;jet_parallax_layout_animation_prop&quot;:&quot;transform&quot;,&quot;jet_parallax_layout_on&quot;:[&quot;desktop&quot;,&quot;tablet&quot;]}],&quot;background_background&quot;:&quot;classic&quot;}\">\n\t\t\t\t\t\t\t<div class=\"elementor-background-overlay\"><\/div>\n\t\t\t\t\t\t\t<div class=\"elementor-container elementor-column-gap-default\">\n\t\t\t\t\t<div class=\"elementor-column elementor-col-100 elementor-top-column elementor-element elementor-element-d779888\" data-id=\"d779888\" data-element_type=\"column\" data-e-type=\"column\">\n\t\t\t<div class=\"elementor-widget-wrap elementor-element-populated\">\n\t\t\t\t\t\t<div class=\"elementor-element elementor-element-34334d4 elementor-mobile-align-center elementor-align-left elementor-widget elementor-widget-raven-heading\" data-id=\"34334d4\" data-element_type=\"widget\" data-e-type=\"widget\" data-widget_type=\"raven-heading.default\">\n\t\t\t\t<div class=\"elementor-widget-container\">\n\t\t\t\t\t\t\t<div class=\"raven-widget-wrapper\"><h1 class=\"raven-heading raven-heading-h1\"><span class=\"raven-heading-title \">BLOG<\/span><\/h1><\/div>\n\t\t\t\t\t\t<\/div>\n\t\t\t\t<\/div>\n\t\t\t\t\t<\/div>\n\t\t<\/div>\n\t\t\t\t\t<\/div>\n\t\t<\/section>\n\t\t\t\t<section class=\"elementor-section elementor-top-section elementor-element elementor-element-5b2a847 elementor-section-height-min-height elementor-section-boxed elementor-section-height-default elementor-section-items-middle\" data-id=\"5b2a847\" data-element_type=\"section\" data-e-type=\"section\" data-settings=\"{&quot;jet_parallax_layout_list&quot;:[{&quot;jet_parallax_layout_image&quot;:{&quot;url&quot;:&quot;&quot;,&quot;id&quot;:&quot;&quot;,&quot;size&quot;:&quot;&quot;},&quot;_id&quot;:&quot;c0efbe1&quot;,&quot;jet_parallax_layout_image_tablet&quot;:{&quot;url&quot;:&quot;&quot;,&quot;id&quot;:&quot;&quot;,&quot;size&quot;:&quot;&quot;},&quot;jet_parallax_layout_image_mobile&quot;:{&quot;url&quot;:&quot;&quot;,&quot;id&quot;:&quot;&quot;,&quot;size&quot;:&quot;&quot;},&quot;jet_parallax_layout_speed&quot;:{&quot;unit&quot;:&quot;%&quot;,&quot;size&quot;:50,&quot;sizes&quot;:[]},&quot;jet_parallax_layout_type&quot;:&quot;scroll&quot;,&quot;jet_parallax_layout_direction&quot;:&quot;1&quot;,&quot;jet_parallax_layout_fx_direction&quot;:null,&quot;jet_parallax_layout_z_index&quot;:&quot;&quot;,&quot;jet_parallax_layout_bg_x&quot;:50,&quot;jet_parallax_layout_bg_x_tablet&quot;:&quot;&quot;,&quot;jet_parallax_layout_bg_x_mobile&quot;:&quot;&quot;,&quot;jet_parallax_layout_bg_y&quot;:50,&quot;jet_parallax_layout_bg_y_tablet&quot;:&quot;&quot;,&quot;jet_parallax_layout_bg_y_mobile&quot;:&quot;&quot;,&quot;jet_parallax_layout_bg_size&quot;:&quot;auto&quot;,&quot;jet_parallax_layout_bg_size_tablet&quot;:&quot;&quot;,&quot;jet_parallax_layout_bg_size_mobile&quot;:&quot;&quot;,&quot;jet_parallax_layout_animation_prop&quot;:&quot;transform&quot;,&quot;jet_parallax_layout_on&quot;:[&quot;desktop&quot;,&quot;tablet&quot;]}],&quot;background_background&quot;:&quot;classic&quot;}\">\n\t\t\t\t\t\t\t<div class=\"elementor-background-overlay\"><\/div>\n\t\t\t\t\t\t\t<div class=\"elementor-container elementor-column-gap-default\">\n\t\t\t\t\t<div class=\"elementor-column elementor-col-100 elementor-top-column elementor-element elementor-element-95dffee\" data-id=\"95dffee\" data-element_type=\"column\" data-e-type=\"column\">\n\t\t\t<div class=\"elementor-widget-wrap elementor-element-populated\">\n\t\t\t\t\t\t<div class=\"elementor-element elementor-element-52b9c13 elementor-widget elementor-widget-spacer\" data-id=\"52b9c13\" data-element_type=\"widget\" data-e-type=\"widget\" data-widget_type=\"spacer.default\">\n\t\t\t\t<div class=\"elementor-widget-container\">\n\t\t\t\t\t\t\t<div class=\"elementor-spacer\">\n\t\t\t<div class=\"elementor-spacer-inner\"><\/div>\n\t\t<\/div>\n\t\t\t\t\t\t<\/div>\n\t\t\t\t<\/div>\n\t\t\t\t<div class=\"elementor-element elementor-element-fdc3f47 elementor-widget elementor-widget-spacer\" data-id=\"fdc3f47\" data-element_type=\"widget\" data-e-type=\"widget\" data-widget_type=\"spacer.default\">\n\t\t\t\t<div class=\"elementor-widget-container\">\n\t\t\t\t\t\t\t<div class=\"elementor-spacer\">\n\t\t\t<div class=\"elementor-spacer-inner\"><\/div>\n\t\t<\/div>\n\t\t\t\t\t\t<\/div>\n\t\t\t\t<\/div>\n\t\t\t\t<div class=\"elementor-element elementor-element-5ab6d40 elementor-widget elementor-widget-raven-posts\" data-id=\"5ab6d40\" data-element_type=\"widget\" data-e-type=\"widget\" data-settings=\"{&quot;query_posts_per_page&quot;:5,&quot;_skin&quot;:&quot;classic&quot;,&quot;classic_layout&quot;:&quot;grid&quot;,&quot;classic_columns&quot;:&quot;3&quot;,&quot;classic_columns_tablet&quot;:&quot;2&quot;,&quot;classic_columns_mobile&quot;:&quot;1&quot;,&quot;query_offset&quot;:0}\" data-widget_type=\"raven-posts.classic\">\n\t\t\t\t<div class=\"elementor-widget-container\">\n\t\t\t\t\t\t\t<div class=\"raven-posts raven-grid raven-grid-3 raven-grid-mobile-1 raven-grid-tablet-2\" data-post-id=\"2639\" data-archive-query=\"\" data-lang=\"\">\n\t\t\t\t<div class=\"raven-grid-item raven-post-item post-4746 post type-post status-publish format-standard has-post-thumbnail hentry category-avrupa-ubk-fatih-en\">\n\t\t\t<div class=\"raven-post\">\n\t\t\t\t\t\t<div class=\"raven-post-image-wrap\">\n\t\t\t<a class=\"raven-post-image raven-image-fit\" href=\"https:\/\/www.avrupaubkfatih.com\/en\/what-causes-mouth-sores-what-is-the-difference-between-canthulis-aphthid-comfort-sores-and-cold-sores\/\"><img fetchpriority=\"high\" decoding=\"async\" width=\"1024\" height=\"666\" src=\"https:\/\/www.avrupaubkfatih.com\/wp-content\/uploads\/2026\/03\/agiz-icindeki-yaralar-neden-olur-aft-ve-ucuk-farki-nedir-1024x666.jpg\" class=\"attachment-large size-large wp-image-4738\" alt=\"\" srcset=\"https:\/\/www.avrupaubkfatih.com\/wp-content\/uploads\/2026\/03\/agiz-icindeki-yaralar-neden-olur-aft-ve-ucuk-farki-nedir-1024x666.jpg 1024w, https:\/\/www.avrupaubkfatih.com\/wp-content\/uploads\/2026\/03\/agiz-icindeki-yaralar-neden-olur-aft-ve-ucuk-farki-nedir-300x195.jpg 300w, https:\/\/www.avrupaubkfatih.com\/wp-content\/uploads\/2026\/03\/agiz-icindeki-yaralar-neden-olur-aft-ve-ucuk-farki-nedir-768x500.jpg 768w, https:\/\/www.avrupaubkfatih.com\/wp-content\/uploads\/2026\/03\/agiz-icindeki-yaralar-neden-olur-aft-ve-ucuk-farki-nedir-1536x999.jpg 1536w, https:\/\/www.avrupaubkfatih.com\/wp-content\/uploads\/2026\/03\/agiz-icindeki-yaralar-neden-olur-aft-ve-ucuk-farki-nedir.jpg 1660w\" sizes=\"(max-width: 1024px) 100vw, 1024px\" \/> <span class=\"raven-post-image-overlay\"><\/span><\/a>\t\t<\/div>\n\t\t\t\t\t\t<div class=\"raven-post-content\">\n\t\t\t\t\t<h3 class=\"raven-post-title\"><a class=\"raven-post-title-link\" href=\"https:\/\/www.avrupaubkfatih.com\/en\/what-causes-mouth-sores-what-is-the-difference-between-canthulis-aphthid-comfort-sores-and-cold-sores\/\">WHAT CAUSES MOUTH SORES? WHAT IS THE DIFFERENCE BETWEEN CANTHULIS (APHTHID-COMFORT SORES) AND COLD SORES?<\/a><\/h3>\t\t\t\t<\/div>\n\t\t\t<\/div>\n\t\t<\/div>\n\t\t\t\t<div class=\"raven-grid-item raven-post-item post-4732 post type-post status-publish format-standard has-post-thumbnail hentry category-avrupa-ubk-fatih-en\">\n\t\t\t<div class=\"raven-post\">\n\t\t\t\t\t\t<div class=\"raven-post-image-wrap\">\n\t\t\t<a class=\"raven-post-image raven-image-fit\" href=\"https:\/\/www.avrupaubkfatih.com\/en\/how-to-achieve-a-natural-look-in-smile-design\/\"><img decoding=\"async\" width=\"1024\" height=\"666\" src=\"https:\/\/www.avrupaubkfatih.com\/wp-content\/uploads\/2026\/02\/gulus-tasariminda-dogal-gorunum-nasil-saglanir-1024x666.jpg\" class=\"attachment-large size-large wp-image-4723\" alt=\"\" srcset=\"https:\/\/www.avrupaubkfatih.com\/wp-content\/uploads\/2026\/02\/gulus-tasariminda-dogal-gorunum-nasil-saglanir-1024x666.jpg 1024w, https:\/\/www.avrupaubkfatih.com\/wp-content\/uploads\/2026\/02\/gulus-tasariminda-dogal-gorunum-nasil-saglanir-300x195.jpg 300w, https:\/\/www.avrupaubkfatih.com\/wp-content\/uploads\/2026\/02\/gulus-tasariminda-dogal-gorunum-nasil-saglanir-768x500.jpg 768w, https:\/\/www.avrupaubkfatih.com\/wp-content\/uploads\/2026\/02\/gulus-tasariminda-dogal-gorunum-nasil-saglanir-1536x999.jpg 1536w, https:\/\/www.avrupaubkfatih.com\/wp-content\/uploads\/2026\/02\/gulus-tasariminda-dogal-gorunum-nasil-saglanir.jpg 1660w\" sizes=\"(max-width: 1024px) 100vw, 1024px\" \/> <span class=\"raven-post-image-overlay\"><\/span><\/a>\t\t<\/div>\n\t\t\t\t\t\t<div class=\"raven-post-content\">\n\t\t\t\t\t<h3 class=\"raven-post-title\"><a class=\"raven-post-title-link\" href=\"https:\/\/www.avrupaubkfatih.com\/en\/how-to-achieve-a-natural-look-in-smile-design\/\">HOW TO ACHIEVE A NATURAL LOOK IN SMILE DESIGN?<\/a><\/h3>\t\t\t\t<\/div>\n\t\t\t<\/div>\n\t\t<\/div>\n\t\t\t\t<div class=\"raven-grid-item raven-post-item post-4717 post type-post status-publish format-standard has-post-thumbnail hentry category-avrupa-ubk-fatih-en\">\n\t\t\t<div class=\"raven-post\">\n\t\t\t\t\t\t<div class=\"raven-post-image-wrap\">\n\t\t\t<a class=\"raven-post-image raven-image-fit\" href=\"https:\/\/www.avrupaubkfatih.com\/en\/things-to-consider-when-using-a-palate-receiver-orthodontic-appliance\/\"><img decoding=\"async\" width=\"1024\" height=\"666\" src=\"https:\/\/www.avrupaubkfatih.com\/wp-content\/uploads\/2026\/02\/damaklik-ortodontik-aparey-kullanilirken-dikkat-edilmesi-gerekenler-1024x666.jpg\" class=\"attachment-large size-large wp-image-4709\" alt=\"\" srcset=\"https:\/\/www.avrupaubkfatih.com\/wp-content\/uploads\/2026\/02\/damaklik-ortodontik-aparey-kullanilirken-dikkat-edilmesi-gerekenler-1024x666.jpg 1024w, https:\/\/www.avrupaubkfatih.com\/wp-content\/uploads\/2026\/02\/damaklik-ortodontik-aparey-kullanilirken-dikkat-edilmesi-gerekenler-300x195.jpg 300w, https:\/\/www.avrupaubkfatih.com\/wp-content\/uploads\/2026\/02\/damaklik-ortodontik-aparey-kullanilirken-dikkat-edilmesi-gerekenler-768x500.jpg 768w, https:\/\/www.avrupaubkfatih.com\/wp-content\/uploads\/2026\/02\/damaklik-ortodontik-aparey-kullanilirken-dikkat-edilmesi-gerekenler-1536x999.jpg 1536w, https:\/\/www.avrupaubkfatih.com\/wp-content\/uploads\/2026\/02\/damaklik-ortodontik-aparey-kullanilirken-dikkat-edilmesi-gerekenler.jpg 1660w\" sizes=\"(max-width: 1024px) 100vw, 1024px\" \/> <span class=\"raven-post-image-overlay\"><\/span><\/a>\t\t<\/div>\n\t\t\t\t\t\t<div class=\"raven-post-content\">\n\t\t\t\t\t<h3 class=\"raven-post-title\"><a class=\"raven-post-title-link\" href=\"https:\/\/www.avrupaubkfatih.com\/en\/things-to-consider-when-using-a-palate-receiver-orthodontic-appliance\/\">THINGS TO CONSIDER WHEN USING A PALATE RECEIVER (ORTHODONTIC APPLIANCE)<\/a><\/h3>\t\t\t\t<\/div>\n\t\t\t<\/div>\n\t\t<\/div>\n\t\t\t\t<div class=\"raven-grid-item raven-post-item post-4703 post type-post status-publish format-standard has-post-thumbnail hentry category-avrupa-ubk-fatih-en\">\n\t\t\t<div class=\"raven-post\">\n\t\t\t\t\t\t<div class=\"raven-post-image-wrap\">\n\t\t\t<a class=\"raven-post-image raven-image-fit\" href=\"https:\/\/www.avrupaubkfatih.com\/en\/why-is-root-rot-root-surface-rot-increasing\/\"><img loading=\"lazy\" decoding=\"async\" width=\"1024\" height=\"666\" src=\"https:\/\/www.avrupaubkfatih.com\/wp-content\/uploads\/2026\/02\/https-www.avrupaubkfatih.comkok-curukleri-kok-yuzeyi-curukleri-neden-artiyor-1024x666.jpg\" class=\"attachment-large size-large wp-image-4691\" alt=\"\" srcset=\"https:\/\/www.avrupaubkfatih.com\/wp-content\/uploads\/2026\/02\/https-www.avrupaubkfatih.comkok-curukleri-kok-yuzeyi-curukleri-neden-artiyor-1024x666.jpg 1024w, https:\/\/www.avrupaubkfatih.com\/wp-content\/uploads\/2026\/02\/https-www.avrupaubkfatih.comkok-curukleri-kok-yuzeyi-curukleri-neden-artiyor-300x195.jpg 300w, https:\/\/www.avrupaubkfatih.com\/wp-content\/uploads\/2026\/02\/https-www.avrupaubkfatih.comkok-curukleri-kok-yuzeyi-curukleri-neden-artiyor-768x500.jpg 768w, https:\/\/www.avrupaubkfatih.com\/wp-content\/uploads\/2026\/02\/https-www.avrupaubkfatih.comkok-curukleri-kok-yuzeyi-curukleri-neden-artiyor-1536x999.jpg 1536w, https:\/\/www.avrupaubkfatih.com\/wp-content\/uploads\/2026\/02\/https-www.avrupaubkfatih.comkok-curukleri-kok-yuzeyi-curukleri-neden-artiyor.jpg 1660w\" sizes=\"(max-width: 1024px) 100vw, 1024px\" \/> <span class=\"raven-post-image-overlay\"><\/span><\/a>\t\t<\/div>\n\t\t\t\t\t\t<div class=\"raven-post-content\">\n\t\t\t\t\t<h3 class=\"raven-post-title\"><a class=\"raven-post-title-link\" href=\"https:\/\/www.avrupaubkfatih.com\/en\/why-is-root-rot-root-surface-rot-increasing\/\">Why is root rot (root surface rot) increasing?<\/a><\/h3>\t\t\t\t<\/div>\n\t\t\t<\/div>\n\t\t<\/div>\n\t\t\t\t<div class=\"raven-grid-item raven-post-item post-4684 post type-post status-publish format-standard has-post-thumbnail hentry category-avrupa-ubk-fatih-en\">\n\t\t\t<div class=\"raven-post\">\n\t\t\t\t\t\t<div class=\"raven-post-image-wrap\">\n\t\t\t<a class=\"raven-post-image raven-image-fit\" href=\"https:\/\/www.avrupaubkfatih.com\/en\/the-effects-of-smoking-on-oral-and-dental-health\/\"><img loading=\"lazy\" decoding=\"async\" width=\"1024\" height=\"666\" src=\"https:\/\/www.avrupaubkfatih.com\/wp-content\/uploads\/2026\/02\/sigara-kullaniminin-agiz-ve-dis-sagligi-uzerindeki-etkileri-1024x666.jpg\" class=\"attachment-large size-large wp-image-4676\" alt=\"\" srcset=\"https:\/\/www.avrupaubkfatih.com\/wp-content\/uploads\/2026\/02\/sigara-kullaniminin-agiz-ve-dis-sagligi-uzerindeki-etkileri-1024x666.jpg 1024w, https:\/\/www.avrupaubkfatih.com\/wp-content\/uploads\/2026\/02\/sigara-kullaniminin-agiz-ve-dis-sagligi-uzerindeki-etkileri-300x195.jpg 300w, https:\/\/www.avrupaubkfatih.com\/wp-content\/uploads\/2026\/02\/sigara-kullaniminin-agiz-ve-dis-sagligi-uzerindeki-etkileri-768x500.jpg 768w, https:\/\/www.avrupaubkfatih.com\/wp-content\/uploads\/2026\/02\/sigara-kullaniminin-agiz-ve-dis-sagligi-uzerindeki-etkileri-1536x999.jpg 1536w, https:\/\/www.avrupaubkfatih.com\/wp-content\/uploads\/2026\/02\/sigara-kullaniminin-agiz-ve-dis-sagligi-uzerindeki-etkileri.jpg 1660w\" sizes=\"(max-width: 1024px) 100vw, 1024px\" \/> <span class=\"raven-post-image-overlay\"><\/span><\/a>\t\t<\/div>\n\t\t\t\t\t\t<div class=\"raven-post-content\">\n\t\t\t\t\t<h3 class=\"raven-post-title\"><a class=\"raven-post-title-link\" href=\"https:\/\/www.avrupaubkfatih.com\/en\/the-effects-of-smoking-on-oral-and-dental-health\/\">The Effects of Smoking on Oral and Dental Health<\/a><\/h3>\t\t\t\t<\/div>\n\t\t\t<\/div>\n\t\t<\/div>\n\t\t\t\t<\/div>\n\t\t\t\t\t\t<\/div>\n\t\t\t\t<\/div>\n\t\t\t\t\t<\/div>\n\t\t<\/div>\n\t\t\t\t\t<\/div>\n\t\t<\/section>\n\t\t\t\t<\/div>\n\t\t","protected":false},"excerpt":{"rendered":"<p>BLOG Avrupa UBK Dental\u2019in \u0130kinci \u015eubesi: Fatih&#8217;te Yeni Bir D\u00f6nem Ba\u015fl\u0131yor Di\u015f Sa\u011fl\u0131\u011f\u0131nda G\u00fcvenin Adresi: Avrupa UBK Fatih&#8217;te Sunulan \u00d6zel Hizmetler Fatih&#8217;teki Di\u015f Klini\u011fi Se\u00e7iminde Nelere Dikkat Edilmeli?<\/p>\n","protected":false},"author":1,"featured_media":0,"parent":0,"menu_order":0,"comment_status":"closed","ping_status":"closed","template":"","meta":{"_acf_changed":false,"_joinchat":[],"footnotes":""},"class_list":["post-2639","page","type-page","status-publish","hentry"],"acf":[],"yoast_head":"<!-- This site is optimized with the Yoast SEO plugin v26.9 - https:\/\/yoast.com\/product\/yoast-seo-wordpress\/ -->\n<title>Blog - Avrupa UBK Dental Fatih<\/title>\n<meta name=\"robots\" content=\"index, follow, max-snippet:-1, max-image-preview:large, max-video-preview:-1\" \/>\n<link rel=\"canonical\" href=\"https:\/\/www.avrupaubkfatih.com\/en\/blog\/\" \/>\n<meta property=\"og:locale\" content=\"en_US\" \/>\n<meta property=\"og:type\" content=\"article\" \/>\n<meta property=\"og:title\" content=\"Blog - Avrupa UBK Dental Fatih\" \/>\n<meta property=\"og:description\" content=\"BLOG Avrupa UBK Dental\u2019in \u0130kinci \u015eubesi: Fatih&#8217;te Yeni Bir D\u00f6nem Ba\u015fl\u0131yor Di\u015f Sa\u011fl\u0131\u011f\u0131nda G\u00fcvenin Adresi: Avrupa UBK Fatih&#8217;te Sunulan \u00d6zel Hizmetler Fatih&#8217;teki Di\u015f Klini\u011fi Se\u00e7iminde Nelere Dikkat Edilmeli?\" \/>\n<meta property=\"og:url\" content=\"https:\/\/www.avrupaubkfatih.com\/en\/blog\/\" \/>\n<meta property=\"og:site_name\" content=\"Avrupa UBK Dental Fatih\" \/>\n<meta property=\"article:modified_time\" content=\"2025-01-27T15:33:47+00:00\" \/>\n<meta property=\"og:image\" content=\"http:\/\/www.avrupaubkfatih.com\/wp-content\/uploads\/2019\/02\/blog-01-1024x725.jpg\" \/>\n<meta name=\"twitter:card\" content=\"summary_large_image\" \/>\n<script type=\"application\/ld+json\" class=\"yoast-schema-graph\">{\"@context\":\"https:\/\/schema.org\",\"@graph\":[{\"@type\":\"WebPage\",\"@id\":\"https:\/\/www.avrupaubkfatih.com\/en\/blog\/\",\"url\":\"https:\/\/www.avrupaubkfatih.com\/en\/blog\/\",\"name\":\"Blog - Avrupa UBK Dental Fatih\",\"isPartOf\":{\"@id\":\"https:\/\/www.avrupaubkfatih.com\/en\/#website\"},\"primaryImageOfPage\":{\"@id\":\"https:\/\/www.avrupaubkfatih.com\/en\/blog\/#primaryimage\"},\"image\":{\"@id\":\"https:\/\/www.avrupaubkfatih.com\/en\/blog\/#primaryimage\"},\"thumbnailUrl\":\"http:\/\/www.avrupaubkfatih.com\/wp-content\/uploads\/2019\/02\/blog-01-1024x725.jpg\",\"datePublished\":\"2025-01-27T15:24:34+00:00\",\"dateModified\":\"2025-01-27T15:33:47+00:00\",\"breadcrumb\":{\"@id\":\"https:\/\/www.avrupaubkfatih.com\/en\/blog\/#breadcrumb\"},\"inLanguage\":\"en-US\",\"potentialAction\":[{\"@type\":\"ReadAction\",\"target\":[\"https:\/\/www.avrupaubkfatih.com\/en\/blog\/\"]}]},{\"@type\":\"ImageObject\",\"inLanguage\":\"en-US\",\"@id\":\"https:\/\/www.avrupaubkfatih.com\/en\/blog\/#primaryimage\",\"url\":\"http:\/\/www.avrupaubkfatih.com\/wp-content\/uploads\/2019\/02\/blog-01-1024x725.jpg\",\"contentUrl\":\"http:\/\/www.avrupaubkfatih.com\/wp-content\/uploads\/2019\/02\/blog-01-1024x725.jpg\"},{\"@type\":\"BreadcrumbList\",\"@id\":\"https:\/\/www.avrupaubkfatih.com\/en\/blog\/#breadcrumb\",\"itemListElement\":[{\"@type\":\"ListItem\",\"position\":1,\"name\":\"Anasayfa\",\"item\":\"https:\/\/www.avrupaubkfatih.com\/en\/\"},{\"@type\":\"ListItem\",\"position\":2,\"name\":\"Blog\"}]},{\"@type\":\"WebSite\",\"@id\":\"https:\/\/www.avrupaubkfatih.com\/en\/#website\",\"url\":\"https:\/\/www.avrupaubkfatih.com\/en\/\",\"name\":\"Avrupa UBK Dental Fatih\",\"description\":\"\u00d6zel Di\u015f Klini\u011fi\",\"publisher\":{\"@id\":\"https:\/\/www.avrupaubkfatih.com\/en\/#organization\"},\"potentialAction\":[{\"@type\":\"SearchAction\",\"target\":{\"@type\":\"EntryPoint\",\"urlTemplate\":\"https:\/\/www.avrupaubkfatih.com\/en\/?s={search_term_string}\"},\"query-input\":{\"@type\":\"PropertyValueSpecification\",\"valueRequired\":true,\"valueName\":\"search_term_string\"}}],\"inLanguage\":\"en-US\"},{\"@type\":\"Organization\",\"@id\":\"https:\/\/www.avrupaubkfatih.com\/en\/#organization\",\"name\":\"Avrupa UBK Dental Fatih\",\"url\":\"https:\/\/www.avrupaubkfatih.com\/en\/\",\"logo\":{\"@type\":\"ImageObject\",\"inLanguage\":\"en-US\",\"@id\":\"https:\/\/www.avrupaubkfatih.com\/en\/#\/schema\/logo\/image\/\",\"url\":\"https:\/\/www.avrupaubkfatih.com\/wp-content\/uploads\/2025\/02\/buyuk-logo-scaled.jpg\",\"contentUrl\":\"https:\/\/www.avrupaubkfatih.com\/wp-content\/uploads\/2025\/02\/buyuk-logo-scaled.jpg\",\"width\":2560,\"height\":2560,\"caption\":\"Avrupa UBK Dental Fatih\"},\"image\":{\"@id\":\"https:\/\/www.avrupaubkfatih.com\/en\/#\/schema\/logo\/image\/\"}}]}<\/script>\n<!-- \/ Yoast SEO plugin. -->","yoast_head_json":{"title":"Blog - Avrupa UBK Dental Fatih","robots":{"index":"index","follow":"follow","max-snippet":"max-snippet:-1","max-image-preview":"max-image-preview:large","max-video-preview":"max-video-preview:-1"},"canonical":"https:\/\/www.avrupaubkfatih.com\/en\/blog\/","og_locale":"en_US","og_type":"article","og_title":"Blog - Avrupa UBK Dental Fatih","og_description":"BLOG Avrupa UBK Dental\u2019in \u0130kinci \u015eubesi: Fatih&#8217;te Yeni Bir D\u00f6nem Ba\u015fl\u0131yor Di\u015f Sa\u011fl\u0131\u011f\u0131nda G\u00fcvenin Adresi: Avrupa UBK Fatih&#8217;te Sunulan \u00d6zel Hizmetler Fatih&#8217;teki Di\u015f Klini\u011fi Se\u00e7iminde Nelere Dikkat Edilmeli?","og_url":"https:\/\/www.avrupaubkfatih.com\/en\/blog\/","og_site_name":"Avrupa UBK Dental Fatih","article_modified_time":"2025-01-27T15:33:47+00:00","og_image":[{"url":"http:\/\/www.avrupaubkfatih.com\/wp-content\/uploads\/2019\/02\/blog-01-1024x725.jpg","type":"","width":"","height":""}],"twitter_card":"summary_large_image","schema":{"@context":"https:\/\/schema.org","@graph":[{"@type":"WebPage","@id":"https:\/\/www.avrupaubkfatih.com\/en\/blog\/","url":"https:\/\/www.avrupaubkfatih.com\/en\/blog\/","name":"Blog - Avrupa UBK Dental Fatih","isPartOf":{"@id":"https:\/\/www.avrupaubkfatih.com\/en\/#website"},"primaryImageOfPage":{"@id":"https:\/\/www.avrupaubkfatih.com\/en\/blog\/#primaryimage"},"image":{"@id":"https:\/\/www.avrupaubkfatih.com\/en\/blog\/#primaryimage"},"thumbnailUrl":"http:\/\/www.avrupaubkfatih.com\/wp-content\/uploads\/2019\/02\/blog-01-1024x725.jpg","datePublished":"2025-01-27T15:24:34+00:00","dateModified":"2025-01-27T15:33:47+00:00","breadcrumb":{"@id":"https:\/\/www.avrupaubkfatih.com\/en\/blog\/#breadcrumb"},"inLanguage":"en-US","potentialAction":[{"@type":"ReadAction","target":["https:\/\/www.avrupaubkfatih.com\/en\/blog\/"]}]},{"@type":"ImageObject","inLanguage":"en-US","@id":"https:\/\/www.avrupaubkfatih.com\/en\/blog\/#primaryimage","url":"http:\/\/www.avrupaubkfatih.com\/wp-content\/uploads\/2019\/02\/blog-01-1024x725.jpg","contentUrl":"http:\/\/www.avrupaubkfatih.com\/wp-content\/uploads\/2019\/02\/blog-01-1024x725.jpg"},{"@type":"BreadcrumbList","@id":"https:\/\/www.avrupaubkfatih.com\/en\/blog\/#breadcrumb","itemListElement":[{"@type":"ListItem","position":1,"name":"Anasayfa","item":"https:\/\/www.avrupaubkfatih.com\/en\/"},{"@type":"ListItem","position":2,"name":"Blog"}]},{"@type":"WebSite","@id":"https:\/\/www.avrupaubkfatih.com\/en\/#website","url":"https:\/\/www.avrupaubkfatih.com\/en\/","name":"Avrupa UBK Dental Fatih","description":"\u00d6zel Di\u015f Klini\u011fi","publisher":{"@id":"https:\/\/www.avrupaubkfatih.com\/en\/#organization"},"potentialAction":[{"@type":"SearchAction","target":{"@type":"EntryPoint","urlTemplate":"https:\/\/www.avrupaubkfatih.com\/en\/?s={search_term_string}"},"query-input":{"@type":"PropertyValueSpecification","valueRequired":true,"valueName":"search_term_string"}}],"inLanguage":"en-US"},{"@type":"Organization","@id":"https:\/\/www.avrupaubkfatih.com\/en\/#organization","name":"Avrupa UBK Dental Fatih","url":"https:\/\/www.avrupaubkfatih.com\/en\/","logo":{"@type":"ImageObject","inLanguage":"en-US","@id":"https:\/\/www.avrupaubkfatih.com\/en\/#\/schema\/logo\/image\/","url":"https:\/\/www.avrupaubkfatih.com\/wp-content\/uploads\/2025\/02\/buyuk-logo-scaled.jpg","contentUrl":"https:\/\/www.avrupaubkfatih.com\/wp-content\/uploads\/2025\/02\/buyuk-logo-scaled.jpg","width":2560,"height":2560,"caption":"Avrupa UBK Dental Fatih"},"image":{"@id":"https:\/\/www.avrupaubkfatih.com\/en\/#\/schema\/logo\/image\/"}}]}},"_links":{"self":[{"href":"https:\/\/www.avrupaubkfatih.com\/en\/wp-json\/wp\/v2\/pages\/2639","targetHints":{"allow":["GET"]}}],"collection":[{"href":"https:\/\/www.avrupaubkfatih.com\/en\/wp-json\/wp\/v2\/pages"}],"about":[{"href":"https:\/\/www.avrupaubkfatih.com\/en\/wp-json\/wp\/v2\/types\/page"}],"author":[{"embeddable":true,"href":"https:\/\/www.avrupaubkfatih.com\/en\/wp-json\/wp\/v2\/users\/1"}],"replies":[{"embeddable":true,"href":"https:\/\/www.avrupaubkfatih.com\/en\/wp-json\/wp\/v2\/comments?post=2639"}],"version-history":[{"count":4,"href":"https:\/\/www.avrupaubkfatih.com\/en\/wp-json\/wp\/v2\/pages\/2639\/revisions"}],"predecessor-version":[{"id":2646,"href":"https:\/\/www.avrupaubkfatih.com\/en\/wp-json\/wp\/v2\/pages\/2639\/revisions\/2646"}],"wp:attachment":[{"href":"https:\/\/www.avrupaubkfatih.com\/en\/wp-json\/wp\/v2\/media?parent=2639"}],"curies":[{"name":"wp","href":"https:\/\/api.w.org\/{rel}","templated":true}]}}